{"id":9,"date":"2017-05-02T21:32:50","date_gmt":"2017-05-02T19:32:50","guid":{"rendered":"https:\/\/www.oignon-de-roscoff.fr\/?page_id=9"},"modified":"2022-12-20T15:59:31","modified_gmt":"2022-12-20T14:59:31","slug":"partenaires","status":"publish","type":"page","link":"https:\/\/www.oignon-de-roscoff.fr\/index.php\/partenaires\/","title":{"rendered":"Partenaires"},"content":{"rendered":"<h2>Nos partenaires<\/h2>\n<p>&#8211; <a href=\"https:\/\/www.oignon-de-roscoff.fr\/index.php\/confrerie\/\">Confr\u00e9rie de l&#8217;Oignon de Roscoff<\/a><\/p>\n<p>&#8211; <a href=\"http:\/\/www.chambre-agriculture-bretagne.fr\">Chambres d&#8217;Agriculture de Bretagne &#8211; antenne du Finist\u00e8re : 02 98 69 17 46<\/a><\/p>\n<p>&#8211; <a href=\"http:\/\/www.roscoff.fr\">Mairie de Roscoff : 02 98 24 43 00<\/a><\/p>\n<p>&#8211; <a href=\"http:\/\/www.roscoff-tourisme.fr\">Office de tourisme de Roscoff : 02 98 61 12 13<\/a><\/p>\n<p>&#8211; <a href=\"http:\/\/www.roscoff-tourisme.fr\">Maison des Johnnies et de l&#8217;Oignon de Roscoff : 02 98 61 25 48<\/a><\/p>\n<p>&#8211; <a href=\"http:\/\/www.toutcommenceenfinistere.com\/\">Finist\u00e8re 360, marque Tout Commence en Finist\u00e8re<\/a><\/p>\n<p><span style=\"color: #ffffff;\">.<\/span><span style=\"color: #ffffff;\">.<\/span><\/p>\n<h2>Les Unit\u00e9s de Conditionnement&#8230;<\/h2>\n<p><b>&#8230;identifi\u00e9es au syndicat commercialisant de l\u2019Oignon de Roscoff<\/b><\/p>\n<p>&#8211; SICA de Saint Pol de L\u00e9on 02 98 69 07 10, <a href=\"http:\/\/www.sicastpol.fr\">http:\/\/www.sicastpol.fr<\/a><\/p>\n<p>&#8211; L\u00e9gumes Prince de Bretagne 02 98 69 39 00, <a href=\"https:\/\/www.princedebretagne.com\/\">https:\/\/www.princedebretagne.com\/<\/a><\/p>\n<p>&#8211; Le VILI, Mespaul 02 98 61 56 56 <a href=\"http:\/\/www.levili.com\/\">http:\/\/www.levili.com\/<\/a><\/p>\n<p>&#8211; SARL Maison QUEMENER, Roscoff 06 30 04 36 83 <a href=\"https:\/\/www.maison-quemener.fr\/\">https:\/\/www.maison-quemener.fr\/<\/a><\/p>\n<p>&#8211; SBEL, Ploun\u00e9vez-Lochrist 02 98 61 83 70 <a href=\"https:\/\/www.sbel.fr\/\">https:\/\/www.sbel.fr\/<\/a><\/p>\n<p>&#8211; La L\u00e9gumi\u00e8re, Cl\u00e9der 02 98 69 30 64 <a href=\"http:\/\/www.lalegumiere.fr\/\">http:\/\/www.lalegumiere.fr\/<\/a><\/p>\n<p>&#8211; Daniel CADIOU, Plouz\u00e9v\u00e9d\u00e9 02 98 69 99 17 <a href=\"http:\/\/www.cadiou.org\/\">http:\/\/www.cadiou.org\/<\/a><\/p>\n<p>&#8211; POULIQUEN, Cl\u00e9der 02 98 19 51 00 <a href=\"http:\/\/www.pouliquen.fr\/\">http:\/\/www.pouliquen.fr\/<\/a><\/p>\n<p>&#8211; GLIDIC, Mespaul, 02 98 29 72 41 <a href=\"http:\/\/www.producteurbreton.bzh\/\">http:\/\/www.producteurbreton.bzh\/<\/a><\/p>\n<p>&#8211; SARL Saveurs du bout du monde, Plougoulm 02 98 25 47 04 <a href=\"http:\/\/www.sbm-web.com\/\">http:\/\/www.sbm-web.com\/<\/a><\/p>\n<p>&#8211; Saveurs du L\u00e9on, Plouz\u00e9v\u00e9d\u00e9 02 98 24 82 91<\/p>\n<p>&#8211; SAS Champs Marins de Sieck, Mespaul 06 18 52 81 67<\/p>\n<p>&#8211; ETS PRIGENT, Plougoulm 02 98 29 82 56<\/p>\n<p><span style=\"color: #ffffff;\">.<\/span><\/p>\n<h2>Autres partenaires professionnels<\/h2>\n<p>&#8211; Association des producteurs de fruits et l\u00e9gumes bios de Bretagne\u00a0: 02 98 63 19 03, <a href=\"http:\/\/www.biobreizh.org\">www.biobreizh.org<\/a><\/p>\n<p>&#8211; Association des marchands d\u2019oignons de Roscoff et de sa r\u00e9gion\u00a0: 02 98 69 19 33<\/p>\n<p>&#8211; Union des exp\u00e9diteurs\u00a0: 02 98 69 19 33<\/p>\n<p>&#8211; OBS Organisation Bretonne de S\u00e9lection, cr\u00e9ation vari\u00e9tale et production de semences 02 98 29 92 55 <a href=\"http:\/\/www.o-b-s.com\/\">http:\/\/www.o-b-s.com\/<\/a><\/p>\n<p>&#8211; Tecnosem et biosem (production de plants mara\u00eechers) <a href=\"http:\/\/tecnosem.fr\/\">http:\/\/tecnosem.fr\/<\/a> et biosem (production de plants mara\u00eechers biologiques) 02 98 69 34 80\u00a0\u00a0<a href=\"http:\/\/www.biosem.fr\/\">http:\/\/www.biosem.fr\/<\/a><\/p>\n<p>&#8211; Technidis agro, 02 98 61 49 96 <a href=\"http:\/\/technidis-agro.fr\/\">http:\/\/technidis-agro.fr\/<\/a><\/p>\n<p><span style=\"color: #ffffff;\">.<\/span><\/p>\n<h2>Soutiens politiques<b> <\/b><\/h2>\n<p>&#8211; Conseil d\u00e9partemental du Finist\u00e8re 02 98 76 20 20 <a href=\"https:\/\/www.finistere.fr\/\">https:\/\/www.finistere.fr\/<\/a><\/p>\n<p>&#8211; Pays de Morlaix 02 98 62 39 57 <a href=\"http:\/\/www.paysdemorlaix.com\/\">http:\/\/www.paysdemorlaix.com\/<\/a><\/p>\n<p>&#8211; R\u00e9gion Bretagne 02.99.27.10.10 <a href=\"http:\/\/www.bretagne.bzh\/\">http:\/\/www.bretagne.bzh\/<\/a><\/p>\n<h2><\/h2>\n","protected":false},"excerpt":{"rendered":"<p>Nos partenaires &#8211; Confr\u00e9rie de l&#8217;Oignon de Roscoff &#8211; Chambres d&#8217;Agriculture de (&#8230;) <a class=\"post_read_more\" href=\"https:\/\/www.oignon-de-roscoff.fr\/index.php\/partenaires\/\">Lire la suite<\/a><\/p>\n","protected":false},"author":1,"featured_media":0,"parent":0,"menu_order":0,"comment_status":"closed","ping_status":"closed","template":"","meta":{"footnotes":""},"class_list":["post-9","page","type-page","status-publish","hentry"],"_links":{"self":[{"href":"https:\/\/www.oignon-de-roscoff.fr\/index.php\/wp-json\/wp\/v2\/pages\/9"}],"collection":[{"href":"https:\/\/www.oignon-de-roscoff.fr\/index.php\/wp-json\/wp\/v2\/pages"}],"about":[{"href":"https:\/\/www.oignon-de-roscoff.fr\/index.php\/wp-json\/wp\/v2\/types\/page"}],"author":[{"embeddable":true,"href":"https:\/\/www.oignon-de-roscoff.fr\/index.php\/wp-json\/wp\/v2\/users\/1"}],"replies":[{"embeddable":true,"href":"https:\/\/www.oignon-de-roscoff.fr\/index.php\/wp-json\/wp\/v2\/comments?post=9"}],"version-history":[{"count":32,"href":"https:\/\/www.oignon-de-roscoff.fr\/index.php\/wp-json\/wp\/v2\/pages\/9\/revisions"}],"predecessor-version":[{"id":1003,"href":"https:\/\/www.oignon-de-roscoff.fr\/index.php\/wp-json\/wp\/v2\/pages\/9\/revisions\/1003"}],"wp:attachment":[{"href":"https:\/\/www.oignon-de-roscoff.fr\/index.php\/wp-json\/wp\/v2\/media?parent=9"}],"curies":[{"name":"wp","href":"https:\/\/api.w.org\/{rel}","templated":true}]}}